{"id":944,"date":"2023-01-11T15:10:00","date_gmt":"2023-01-11T14:10:00","guid":{"rendered":"https:\/\/kip.se\/?page_id=944"},"modified":"2023-01-11T15:37:53","modified_gmt":"2023-01-11T14:37:53","slug":"seo","status":"publish","type":"page","link":"https:\/\/kip.se\/en\/seo\/","title":{"rendered":"SEO"},"content":{"rendered":"<h1 class=\"swash-kn wp-block-heading\">Skriva f\u00f6r Seo<\/h1>\n\n\n\n<h2 class=\"wp-block-heading\">Att skapa intresse f\u00f6r b\u00e5de m\u00e4nniska och maskin.<\/h2>\n\n\n\n<div class=\"wp-block-citadela-blocks-custom-container citadela-block-custom-container size-wide bg-type-none inside-space-none two-wide-kn\"><div class=\"inner-holder\">\n<div class=\"big-picture\">\n<img decoding=\"async\" src=\"\/wp-content\/uploads\/SEO.jpg\" alt=\"SEO - att skapa intresse f\u00f6r b\u00e5de m\u00e4nniska och maskin.\">\n<\/div>\n\n\n\n<div class=\"two-text\">\n<p>Text. Skriva. Alla som g\u00e5tt i skolan kan det. Och \u00e4nd\u00e5 \u00e4r det s\u00e5 sv\u00e5rt. Se, redan d\u00e4r br\u00f6t jag mot en av skolans k\u00e4pph\u00e4star. B\u00f6rja aldrig en mening med samordnande konjunktion. Dessutom ska texten vara anpassad f\u00f6r att Google, eller n\u00e5gon annan algoritm, ska hitta den och uppskatta den. Hur skriver man f\u00f6r b\u00e5de m\u00e4nniskor och maskiner? Eller, \u00e4r fr\u00e5gan, vill du bli hittad \u2026 eller l\u00e4st?<\/p>\n<h3>Google har f\u00f6r\u00e4ndrat hur vi skriver.<\/h3>\n<p>Det \u00e4r kanske sv\u00e5rt att se och f\u00f6rst\u00e5 hur skiftet har skett. V\u00e5rt spr\u00e5k, som har flera tusen \u00e5r p\u00e5 nacken, har f\u00e5tt vika sig f\u00f6r hur ett datorprogram tolkar det vi skriver. Det handlar inte l\u00e4ngre att v\u00e4cka intresse och h\u00e5lla kvar en l\u00e4sare med ett smart uppl\u00e4gg. Det handlar om att bli hittad av en robot som anser att det man skriver om har tillr\u00e4ckligt v\u00e4rde f\u00f6r att det ska hamna h\u00f6gt p\u00e5 en s\u00f6kresultatslista. Robotar gillar text, struktur, information och \u00f6versk\u00e5dlighet. Och g\u00e4rna en liten osynlig text om vad den ska l\u00e4sa och f\u00f6rst\u00e5 i texten \u2026<\/p>\n<h3>Men m\u00e4nniskorna d\u00e5, var f\u00e5r de plats?<\/h3>\n<p>M\u00e4nniskor gillar g\u00e5tor, k\u00e4nslor, associationer och bilder. Saker som en dator har sv\u00e5rt att f\u00f6rst\u00e5. Om vi skriver f\u00f6r att vara intressanta och att bli l\u00e4sta, s\u00e5 f\u00e5r vi sv\u00e5rare att bli hittade. Resultatet blir ofta en balansg\u00e5ng d\u00e4r vi tar h\u00e4nsyn till b\u00e5de datorn och m\u00e4nniskan och alla f\u00e5r j\u00e4mka lite f\u00f6r att uppn\u00e5 resultat. Struktur och upprepningar av nyckelord, samtidigt som vi f\u00f6rs\u00f6ker vara intressanta.<\/p>\n<h3>Och s\u00e5 har vi det d\u00e4r med perspektivet \u2026<\/h3>\n<p>Vem skriver och vem ska l\u00e4sa? Vill du ber\u00e4tta n\u00e5got om dig sj\u00e4lv eller vill du att l\u00e4sare och den potentiella kunden ska k\u00e4nna igen sig? Det \u00e4r l\u00e4tt att falla i f\u00e4llan och skriva om Vi, V\u00e5r och Oss. Men igenk\u00e4nning handlar om Du, Din, Er. Att skriva f\u00f6r n\u00e5gon annan \u00e4n sig sj\u00e4lv. Att skriva med en vilja att bli l\u00e4st.<\/p>\n<\/div>\n<\/div><\/div>\n\n\n\n<div class=\"kontakt-knapp\">\n<a href=\"#wow-modal-id-1\">Vill du veta mer om hur man skriver f\u00f6r <br class=\"nosmall-kn\">SEO och samtidigt bli uppskattad och l\u00e4st?<\/a><div class=\"modal-window\" id=\"modal-window-1\" role=\"dialog\" aria-modal=\"true\"  aria-live=\"off\"><div class=\"modal-window__wrapper\"><div class=\"modal-window__content\"><div class=\"modal-window__content-wrapper\"><div class=\"modal-window__content-main\"><h3>Interesting, I want to know more...<\/h3>\r\n<div class=\"modform-kn\">\n<div class=\"wpcf7 no-js\" id=\"wpcf7-f846-o1\" lang=\"sv-SE\" dir=\"ltr\" data-wpcf7-id=\"846\">\n<div class=\"screen-reader-response\"><p role=\"status\" aria-live=\"polite\" aria-atomic=\"true\"><\/p> <ul><\/ul><\/div>\n<form action=\"\/en\/wp-json\/wp\/v2\/pages\/944#wpcf7-f846-o1\" method=\"post\" class=\"wpcf7-form init\" aria-label=\"Kontaktformul\u00e4r\" novalidate=\"novalidate\" data-status=\"init\" data-trp-original-action=\"\/en\/wp-json\/wp\/v2\/pages\/944#wpcf7-f846-o1\">\n<fieldset class=\"hidden-fields-container\"><input type=\"hidden\" name=\"_wpcf7\" value=\"846\" \/><input type=\"hidden\" name=\"_wpcf7_version\" value=\"6.1.5\" \/><input type=\"hidden\" name=\"_wpcf7_locale\" value=\"sv_SE\" \/><input type=\"hidden\" name=\"_wpcf7_unit_tag\" value=\"wpcf7-f846-o1\" \/><input type=\"hidden\" name=\"_wpcf7_container_post\" value=\"0\" \/><input type=\"hidden\" name=\"_wpcf7_posted_data_hash\" value=\"\" \/>\n<\/fieldset>\n<p><label>Name <span class=\"req-kn\">*<\/span><br \/>\n<span class=\"wpcf7-form-control-wrap\" data-name=\"your-name\"><input size=\"40\" maxlength=\"400\" class=\"wpcf7-form-control wpcf7-text wpcf7-validates-as-required\" aria-required=\"true\" aria-invalid=\"false\" value=\"\" type=\"text\" name=\"your-name\" \/><\/span> <\/label>\n<\/p>\n<p><label>E-mail <span class=\"req-kn\">*<\/span><br \/>\n<span class=\"wpcf7-form-control-wrap\" data-name=\"your-email\"><input size=\"40\" maxlength=\"400\" class=\"wpcf7-form-control wpcf7-email wpcf7-validates-as-required wpcf7-text wpcf7-validates-as-email\" aria-required=\"true\" aria-invalid=\"false\" value=\"\" type=\"email\" name=\"your-email\" \/><\/span> <\/label>\n<\/p>\n<p><label>Subject<br \/>\n<span class=\"wpcf7-form-control-wrap\" data-name=\"your-subject\"><input size=\"40\" maxlength=\"400\" class=\"wpcf7-form-control wpcf7-text\" aria-invalid=\"false\" value=\"\" type=\"text\" name=\"your-subject\" \/><\/span> <\/label>\n<\/p>\n<p><label>Message<br \/>\n<span class=\"wpcf7-form-control-wrap\" data-name=\"your-message\"><textarea cols=\"40\" rows=\"10\" maxlength=\"2000\" class=\"wpcf7-form-control wpcf7-textarea\" aria-invalid=\"false\" name=\"your-message\"><\/textarea><\/span> <\/label>\n<\/p>\n<p><input class=\"wpcf7-form-control wpcf7-submit has-spinner\" type=\"submit\" value=\"Please contact me\" \/>\n<\/p><div class=\"wpcf7-response-output\" aria-hidden=\"true\"><\/div>\n<input type=\"hidden\" name=\"trp-form-language\" value=\"en\"\/><\/form>\n<\/div>\n<\/div><\/div><\/div><div class=\"modal-window__close -image\" tabindex=\"0\" role=\"button\" aria-label=\"Close\"><\/div><\/div><\/div><\/div>\n<\/div>","protected":false},"excerpt":{"rendered":"<p>Skriva f\u00f6r Seo Att skapa intresse f\u00f6r b\u00e5de m\u00e4nniska och maskin. Vill du veta mer om hur man skriver f\u00f6r SEO och samtidigt bli uppskattad och l\u00e4st?<\/p>","protected":false},"author":1,"featured_media":0,"parent":0,"menu_order":0,"comment_status":"closed","ping_status":"closed","template":"","meta":{"inline_featured_image":false,"advgb_blocks_editor_width":"","advgb_blocks_columns_visual_guide":"","iawp_total_views":24,"_citadela_hide_page_title":"1","_citadela_remove_header_space":"1","_citadela_custom_class":"","_citadela_half_map_provider":"","_citadela_half_map_theme":"","_citadela_half_map_themeOSM":"","_citadela_half_map_customTheme":"","_citadela_half_map_dataType":"","_citadela_half_map_dynamicTrack":false,"_citadela_half_map_trackColor":"","_citadela_half_map_trackEndpointsColor":"","_citadela_half_map_filterCategory":"","_citadela_half_map_filterLocation":"","_citadela_half_map_filterFeatured":false,"_citadela_half_map_noDataBehavior":"empty-map","_citadela_half_map_noDataText":"","_citadela_half_map_clusterGridSize":80,"_citadela_header":true,"_citadela_header_over_content":false,"_citadela_header_text_color":"","_citadela_header_logo":[],"_citadela_header_bg_image":[],"_citadela_header_bg_position":{"x":0.5,"y":0.5},"_citadela_header_bg_size":"cover","_citadela_header_bg_repeat":"no-repeat","_citadela_header_bg_fixed":false,"_citadela_header_bg_color":"","_citadela_header_bg_image_overlay":"","_citadela_header_transparent_bg":true,"_citadela_content_width":"wide","_citadela_half_layout_position":"","footnotes":""},"class_list":["post-944","page","type-page","status-publish","hentry"],"yoast_head":"<!-- This site is optimized with the Yoast SEO plugin v27.4 - https:\/\/yoast.com\/product\/yoast-seo-wordpress\/ -->\n<title>Skriva f\u00f6r SEO \u2013 att skapa intresse f\u00f6r m\u00e4nniska och maskin.<\/title>\n<meta name=\"description\" content=\"Hur skriver man f\u00f6r b\u00e5de m\u00e4nniskor och maskiner? Eller \u00e4r fr\u00e5gan egentligen \u2013 vill du bli hittad ... eller l\u00e4st?\" \/>\n<meta name=\"robots\" content=\"index, follow, max-snippet:-1, max-image-preview:large, max-video-preview:-1\" \/>\n<link rel=\"canonical\" href=\"https:\/\/kip.se\/en\/seo\/\" \/>\n<meta property=\"og:locale\" content=\"en_US\" \/>\n<meta property=\"og:type\" content=\"article\" \/>\n<meta property=\"og:title\" content=\"Skriva f\u00f6r SEO \u2013 att skapa intresse f\u00f6r m\u00e4nniska och maskin.\" \/>\n<meta property=\"og:description\" content=\"Hur skriver man f\u00f6r b\u00e5de m\u00e4nniskor och maskiner? Eller \u00e4r fr\u00e5gan egentligen \u2013 vill du bli hittad ... eller l\u00e4st?\" \/>\n<meta property=\"og:url\" content=\"https:\/\/kip.se\/en\/seo\/\" \/>\n<meta property=\"og:site_name\" content=\"Kipse kommunikation\" \/>\n<meta property=\"article:modified_time\" content=\"2023-01-11T14:37:53+00:00\" \/>\n<meta name=\"twitter:card\" content=\"summary_large_image\" \/>\n<meta name=\"twitter:label1\" content=\"Est. reading time\" \/>\n\t<meta name=\"twitter:data1\" content=\"2 minutes\" \/>\n<script type=\"application\/ld+json\" class=\"yoast-schema-graph\">{\"@context\":\"https:\\\/\\\/schema.org\",\"@graph\":[{\"@type\":\"WebPage\",\"@id\":\"https:\\\/\\\/kip.se\\\/seo\\\/\",\"url\":\"https:\\\/\\\/kip.se\\\/seo\\\/\",\"name\":\"Skriva f\u00f6r SEO \u2013 att skapa intresse f\u00f6r m\u00e4nniska och maskin.\",\"isPartOf\":{\"@id\":\"https:\\\/\\\/kip.se\\\/#website\"},\"datePublished\":\"2023-01-11T14:10:00+00:00\",\"dateModified\":\"2023-01-11T14:37:53+00:00\",\"description\":\"Hur skriver man f\u00f6r b\u00e5de m\u00e4nniskor och maskiner? Eller \u00e4r fr\u00e5gan egentligen \u2013 vill du bli hittad ... eller l\u00e4st?\",\"breadcrumb\":{\"@id\":\"https:\\\/\\\/kip.se\\\/seo\\\/#breadcrumb\"},\"inLanguage\":\"en-US\",\"potentialAction\":[{\"@type\":\"ReadAction\",\"target\":[\"https:\\\/\\\/kip.se\\\/seo\\\/\"]}]},{\"@type\":\"BreadcrumbList\",\"@id\":\"https:\\\/\\\/kip.se\\\/seo\\\/#breadcrumb\",\"itemListElement\":[{\"@type\":\"ListItem\",\"position\":1,\"name\":\"Hem\",\"item\":\"https:\\\/\\\/kip.se\\\/\"},{\"@type\":\"ListItem\",\"position\":2,\"name\":\"SEO\"}]},{\"@type\":\"WebSite\",\"@id\":\"https:\\\/\\\/kip.se\\\/#website\",\"url\":\"https:\\\/\\\/kip.se\\\/\",\"name\":\"Kipse kommunikation\",\"description\":\"Knowledge Is Power Slowly Embraced\",\"publisher\":{\"@id\":\"https:\\\/\\\/kip.se\\\/#organization\"},\"potentialAction\":[{\"@type\":\"SearchAction\",\"target\":{\"@type\":\"EntryPoint\",\"urlTemplate\":\"https:\\\/\\\/kip.se\\\/?s={search_term_string}\"},\"query-input\":{\"@type\":\"PropertyValueSpecification\",\"valueRequired\":true,\"valueName\":\"search_term_string\"}}],\"inLanguage\":\"en-US\"},{\"@type\":\"Organization\",\"@id\":\"https:\\\/\\\/kip.se\\\/#organization\",\"name\":\"Kipse kommunikation\",\"url\":\"https:\\\/\\\/kip.se\\\/\",\"logo\":{\"@type\":\"ImageObject\",\"inLanguage\":\"en-US\",\"@id\":\"https:\\\/\\\/kip.se\\\/#\\\/schema\\\/logo\\\/image\\\/\",\"url\":\"https:\\\/\\\/kip.se\\\/wp-content\\\/uploads\\\/Kipse-logotyp-1.png\",\"contentUrl\":\"https:\\\/\\\/kip.se\\\/wp-content\\\/uploads\\\/Kipse-logotyp-1.png\",\"width\":255,\"height\":138,\"caption\":\"Kipse kommunikation\"},\"image\":{\"@id\":\"https:\\\/\\\/kip.se\\\/#\\\/schema\\\/logo\\\/image\\\/\"},\"sameAs\":[\"https:\\\/\\\/www.linkedin.com\\\/in\\\/klas-nivlin\"]}]}<\/script>\n<!-- \/ Yoast SEO plugin. -->","yoast_head_json":{"title":"Skriva f\u00f6r SEO \u2013 att skapa intresse f\u00f6r m\u00e4nniska och maskin.","description":"Hur skriver man f\u00f6r b\u00e5de m\u00e4nniskor och maskiner? Eller \u00e4r fr\u00e5gan egentligen \u2013 vill du bli hittad ... eller l\u00e4st?","robots":{"index":"index","follow":"follow","max-snippet":"max-snippet:-1","max-image-preview":"max-image-preview:large","max-video-preview":"max-video-preview:-1"},"canonical":"https:\/\/kip.se\/en\/seo\/","og_locale":"en_US","og_type":"article","og_title":"Skriva f\u00f6r SEO \u2013 att skapa intresse f\u00f6r m\u00e4nniska och maskin.","og_description":"Hur skriver man f\u00f6r b\u00e5de m\u00e4nniskor och maskiner? Eller \u00e4r fr\u00e5gan egentligen \u2013 vill du bli hittad ... eller l\u00e4st?","og_url":"https:\/\/kip.se\/en\/seo\/","og_site_name":"Kipse kommunikation","article_modified_time":"2023-01-11T14:37:53+00:00","twitter_card":"summary_large_image","twitter_misc":{"Est. reading time":"2 minutes"},"schema":{"@context":"https:\/\/schema.org","@graph":[{"@type":"WebPage","@id":"https:\/\/kip.se\/seo\/","url":"https:\/\/kip.se\/seo\/","name":"Skriva f\u00f6r SEO \u2013 att skapa intresse f\u00f6r m\u00e4nniska och maskin.","isPartOf":{"@id":"https:\/\/kip.se\/#website"},"datePublished":"2023-01-11T14:10:00+00:00","dateModified":"2023-01-11T14:37:53+00:00","description":"Hur skriver man f\u00f6r b\u00e5de m\u00e4nniskor och maskiner? Eller \u00e4r fr\u00e5gan egentligen \u2013 vill du bli hittad ... eller l\u00e4st?","breadcrumb":{"@id":"https:\/\/kip.se\/seo\/#breadcrumb"},"inLanguage":"en-US","potentialAction":[{"@type":"ReadAction","target":["https:\/\/kip.se\/seo\/"]}]},{"@type":"BreadcrumbList","@id":"https:\/\/kip.se\/seo\/#breadcrumb","itemListElement":[{"@type":"ListItem","position":1,"name":"Hem","item":"https:\/\/kip.se\/"},{"@type":"ListItem","position":2,"name":"SEO"}]},{"@type":"WebSite","@id":"https:\/\/kip.se\/#website","url":"https:\/\/kip.se\/","name":"Kipse kommunikation","description":"Knowledge Is Power Slowly Embraced","publisher":{"@id":"https:\/\/kip.se\/#organization"},"potentialAction":[{"@type":"SearchAction","target":{"@type":"EntryPoint","urlTemplate":"https:\/\/kip.se\/?s={search_term_string}"},"query-input":{"@type":"PropertyValueSpecification","valueRequired":true,"valueName":"search_term_string"}}],"inLanguage":"en-US"},{"@type":"Organization","@id":"https:\/\/kip.se\/#organization","name":"Kipse kommunikation","url":"https:\/\/kip.se\/","logo":{"@type":"ImageObject","inLanguage":"en-US","@id":"https:\/\/kip.se\/#\/schema\/logo\/image\/","url":"https:\/\/kip.se\/wp-content\/uploads\/Kipse-logotyp-1.png","contentUrl":"https:\/\/kip.se\/wp-content\/uploads\/Kipse-logotyp-1.png","width":255,"height":138,"caption":"Kipse kommunikation"},"image":{"@id":"https:\/\/kip.se\/#\/schema\/logo\/image\/"},"sameAs":["https:\/\/www.linkedin.com\/in\/klas-nivlin"]}]}},"coauthors":[],"author_meta":{"author_link":"https:\/\/kip.se\/en\/author\/klaskip-se\/","display_name":"klas@kip.se"},"relative_dates":{"created":"Posted 3 years ago","modified":"Updated 3 years ago"},"absolute_dates":{"created":"Posted on 2023-01-11","modified":"Updated on 2023-01-11"},"absolute_dates_time":{"created":"Posted on 2023-01-11 15:10","modified":"Updated on 2023-01-11 15:37"},"featured_img_caption":"","featured_img":false,"series_order":"","_links":{"self":[{"href":"https:\/\/kip.se\/en\/wp-json\/wp\/v2\/pages\/944","targetHints":{"allow":["GET"]}}],"collection":[{"href":"https:\/\/kip.se\/en\/wp-json\/wp\/v2\/pages"}],"about":[{"href":"https:\/\/kip.se\/en\/wp-json\/wp\/v2\/types\/page"}],"author":[{"embeddable":true,"href":"https:\/\/kip.se\/en\/wp-json\/wp\/v2\/users\/1"}],"replies":[{"embeddable":true,"href":"https:\/\/kip.se\/en\/wp-json\/wp\/v2\/comments?post=944"}],"version-history":[{"count":6,"href":"https:\/\/kip.se\/en\/wp-json\/wp\/v2\/pages\/944\/revisions"}],"predecessor-version":[{"id":954,"href":"https:\/\/kip.se\/en\/wp-json\/wp\/v2\/pages\/944\/revisions\/954"}],"wp:attachment":[{"href":"https:\/\/kip.se\/en\/wp-json\/wp\/v2\/media?parent=944"}],"curies":[{"name":"wp","href":"https:\/\/api.w.org\/{rel}","templated":true}]}}