{"id":929,"date":"2023-01-11T12:08:40","date_gmt":"2023-01-11T11:08:40","guid":{"rendered":"https:\/\/kip.se\/?page_id=929"},"modified":"2023-01-11T15:38:29","modified_gmt":"2023-01-11T14:38:29","slug":"varumarke","status":"publish","type":"page","link":"https:\/\/kip.se\/en\/varumarke\/","title":{"rendered":"Branding"},"content":{"rendered":"<h1 class=\"swash-kn wp-block-heading\">Branding<\/h1>\n\n\n\n<h2 class=\"wp-block-heading\">It's just a logo, isn't it?<\/h2>\n\n\n\n<div class=\"wp-block-citadela-blocks-custom-container citadela-block-custom-container size-wide bg-type-none inside-space-none two-wide-kn\"><div class=\"inner-holder\">\n<div class=\"big-picture\">\n<img decoding=\"async\" src=\"\/wp-content\/uploads\/Varumarke-3.jpg\" alt=\"Varum\u00e4rke \u00e4r mycket mer \u00e4n en logotyp.\">\n<\/div>\n\n\n\n<div class=\"two-text\">\n<p>Most of us think of a logo when talking about branding. And although the origin of the word branding is the branding of livestock used to identify the owner. But branding is so much more than a new logo, some colors and a font.<\/p>\n<p>To fully understand the value of branding, an insight is needed into how our brain works, how we remember things and how we store our memories in associations and clusters. A memory cluster that is opened with keywords and that conveys feelings, impressions and values.<\/p>\n<h3>The value of a brand is the positive associations.<\/h3>\n<p>But how do you create positive associations? How do you build your cluster? Right here lies the secret to creating a valuable brand. Much of what we convey is not done with words. Often it is even so bad that what we say associates with the exact opposite. Those who claim to be a quality company probably aren't. You have to show quality. Not to mention quality. It is connected with the fact that marketing has very low credibility.<\/p>\n<p>In a similar way, most associations are created, not by what you say, but by what values you convey. A luxury brand must look good, a budget brand must not look too good. Color and shape influence, but the most important thing is often the organization itself and the values they convey. The image of a brand is built from what customers most often encounter. A service is mediated by the organization, while a store product is built by advertising, appearance and price.<\/p>\n<\/div>\n<\/div><\/div>\n\n\n\n<div class=\"kontakt-knapp\">\n<a href=\"#wow-modal-id-1\">Do you want to know more about how to build <br class=\"nosmall-kn\">a brand and incorporate the organization?<\/a><div class=\"modal-window\" id=\"modal-window-1\" role=\"dialog\" aria-modal=\"true\"  aria-live=\"off\"><div class=\"modal-window__wrapper\"><div class=\"modal-window__content\"><div class=\"modal-window__content-wrapper\"><div class=\"modal-window__content-main\"><h3>Interesting, I want to know more...<\/h3>\r\n<div class=\"modform-kn\">\n<div class=\"wpcf7 no-js\" id=\"wpcf7-f846-o1\" lang=\"sv-SE\" dir=\"ltr\" data-wpcf7-id=\"846\">\n<div class=\"screen-reader-response\"><p role=\"status\" aria-live=\"polite\" aria-atomic=\"true\"><\/p> <ul><\/ul><\/div>\n<form action=\"\/en\/wp-json\/wp\/v2\/pages\/929#wpcf7-f846-o1\" method=\"post\" class=\"wpcf7-form init\" aria-label=\"Kontaktformul\u00e4r\" novalidate=\"novalidate\" data-status=\"init\" data-trp-original-action=\"\/en\/wp-json\/wp\/v2\/pages\/929#wpcf7-f846-o1\">\n<fieldset class=\"hidden-fields-container\"><input type=\"hidden\" name=\"_wpcf7\" value=\"846\" \/><input type=\"hidden\" name=\"_wpcf7_version\" value=\"6.1.5\" \/><input type=\"hidden\" name=\"_wpcf7_locale\" value=\"sv_SE\" \/><input type=\"hidden\" name=\"_wpcf7_unit_tag\" value=\"wpcf7-f846-o1\" \/><input type=\"hidden\" name=\"_wpcf7_container_post\" value=\"0\" \/><input type=\"hidden\" name=\"_wpcf7_posted_data_hash\" value=\"\" \/>\n<\/fieldset>\n<p><label>Name <span class=\"req-kn\">*<\/span><br \/>\n<span class=\"wpcf7-form-control-wrap\" data-name=\"your-name\"><input size=\"40\" maxlength=\"400\" class=\"wpcf7-form-control wpcf7-text wpcf7-validates-as-required\" aria-required=\"true\" aria-invalid=\"false\" value=\"\" type=\"text\" name=\"your-name\" \/><\/span> <\/label>\n<\/p>\n<p><label>E-mail <span class=\"req-kn\">*<\/span><br \/>\n<span class=\"wpcf7-form-control-wrap\" data-name=\"your-email\"><input size=\"40\" maxlength=\"400\" class=\"wpcf7-form-control wpcf7-email wpcf7-validates-as-required wpcf7-text wpcf7-validates-as-email\" aria-required=\"true\" aria-invalid=\"false\" value=\"\" type=\"email\" name=\"your-email\" \/><\/span> <\/label>\n<\/p>\n<p><label>Subject<br \/>\n<span class=\"wpcf7-form-control-wrap\" data-name=\"your-subject\"><input size=\"40\" maxlength=\"400\" class=\"wpcf7-form-control wpcf7-text\" aria-invalid=\"false\" value=\"\" type=\"text\" name=\"your-subject\" \/><\/span> <\/label>\n<\/p>\n<p><label>Message<br \/>\n<span class=\"wpcf7-form-control-wrap\" data-name=\"your-message\"><textarea cols=\"40\" rows=\"10\" maxlength=\"2000\" class=\"wpcf7-form-control wpcf7-textarea\" aria-invalid=\"false\" name=\"your-message\"><\/textarea><\/span> <\/label>\n<\/p>\n<p><input class=\"wpcf7-form-control wpcf7-submit has-spinner\" type=\"submit\" value=\"Please contact me\" \/>\n<\/p><div class=\"wpcf7-response-output\" aria-hidden=\"true\"><\/div>\n<input type=\"hidden\" name=\"trp-form-language\" value=\"en\"\/><\/form>\n<\/div>\n<\/div><\/div><\/div><div class=\"modal-window__close -image\" tabindex=\"0\" role=\"button\" aria-label=\"Close\"><\/div><\/div><\/div><\/div>\n<\/div>","protected":false},"excerpt":{"rendered":"<p>Varum\u00e4rke Det \u00e4r v\u00e4l bara en logotyp \u2013 eller? Vill du veta mer om hur man bygger ett varum\u00e4rke och f\u00e5r med sig organisationen?<\/p>","protected":false},"author":1,"featured_media":0,"parent":0,"menu_order":0,"comment_status":"closed","ping_status":"closed","template":"","meta":{"inline_featured_image":false,"advgb_blocks_editor_width":"","advgb_blocks_columns_visual_guide":"","iawp_total_views":17,"_citadela_hide_page_title":"1","_citadela_remove_header_space":"1","_citadela_custom_class":"","_citadela_half_map_provider":"","_citadela_half_map_theme":"","_citadela_half_map_themeOSM":"","_citadela_half_map_customTheme":"","_citadela_half_map_dataType":"","_citadela_half_map_dynamicTrack":false,"_citadela_half_map_trackColor":"","_citadela_half_map_trackEndpointsColor":"","_citadela_half_map_filterCategory":"","_citadela_half_map_filterLocation":"","_citadela_half_map_filterFeatured":false,"_citadela_half_map_noDataBehavior":"empty-map","_citadela_half_map_noDataText":"","_citadela_half_map_clusterGridSize":80,"_citadela_header":true,"_citadela_header_over_content":false,"_citadela_header_text_color":"","_citadela_header_logo":[],"_citadela_header_bg_image":[],"_citadela_header_bg_position":{"x":0.5,"y":0.5},"_citadela_header_bg_size":"cover","_citadela_header_bg_repeat":"no-repeat","_citadela_header_bg_fixed":false,"_citadela_header_bg_color":"","_citadela_header_bg_image_overlay":"","_citadela_header_transparent_bg":true,"_citadela_content_width":"wide","_citadela_half_layout_position":"","footnotes":""},"class_list":["post-929","page","type-page","status-publish","hentry"],"yoast_head":"<!-- This site is optimized with the Yoast SEO plugin v27.4 - https:\/\/yoast.com\/product\/yoast-seo-wordpress\/ -->\n<title>Varum\u00e4rke \u2013 det \u00e4r v\u00e4l bara en logotyp, eller?<\/title>\n<meta name=\"description\" content=\"M\u00e5nga ser en logotyp framf\u00f6r sig n\u00e4r man pratar om varum\u00e4rke. Men ett varum\u00e4rke rymmer s\u00e5 mycket mer \u00e4n bara en logotyp.\" \/>\n<meta name=\"robots\" content=\"index, follow, max-snippet:-1, max-image-preview:large, max-video-preview:-1\" \/>\n<link rel=\"canonical\" href=\"https:\/\/kip.se\/en\/varumarke\/\" \/>\n<meta property=\"og:locale\" content=\"en_US\" \/>\n<meta property=\"og:type\" content=\"article\" \/>\n<meta property=\"og:title\" content=\"Varum\u00e4rke \u2013 det \u00e4r v\u00e4l bara en logotyp, eller?\" \/>\n<meta property=\"og:description\" content=\"M\u00e5nga ser en logotyp framf\u00f6r sig n\u00e4r man pratar om varum\u00e4rke. Men ett varum\u00e4rke rymmer s\u00e5 mycket mer \u00e4n bara en logotyp.\" \/>\n<meta property=\"og:url\" content=\"https:\/\/kip.se\/en\/varumarke\/\" \/>\n<meta property=\"og:site_name\" content=\"Kipse kommunikation\" \/>\n<meta property=\"article:modified_time\" content=\"2023-01-11T14:38:29+00:00\" \/>\n<meta name=\"twitter:card\" content=\"summary_large_image\" \/>\n<meta name=\"twitter:label1\" content=\"Est. reading time\" \/>\n\t<meta name=\"twitter:data1\" content=\"2 minutes\" \/>\n<script type=\"application\/ld+json\" class=\"yoast-schema-graph\">{\"@context\":\"https:\\\/\\\/schema.org\",\"@graph\":[{\"@type\":\"WebPage\",\"@id\":\"https:\\\/\\\/kip.se\\\/varumarke\\\/\",\"url\":\"https:\\\/\\\/kip.se\\\/varumarke\\\/\",\"name\":\"Varum\u00e4rke \u2013 det \u00e4r v\u00e4l bara en logotyp, eller?\",\"isPartOf\":{\"@id\":\"https:\\\/\\\/kip.se\\\/#website\"},\"datePublished\":\"2023-01-11T11:08:40+00:00\",\"dateModified\":\"2023-01-11T14:38:29+00:00\",\"description\":\"M\u00e5nga ser en logotyp framf\u00f6r sig n\u00e4r man pratar om varum\u00e4rke. Men ett varum\u00e4rke rymmer s\u00e5 mycket mer \u00e4n bara en logotyp.\",\"breadcrumb\":{\"@id\":\"https:\\\/\\\/kip.se\\\/varumarke\\\/#breadcrumb\"},\"inLanguage\":\"en-US\",\"potentialAction\":[{\"@type\":\"ReadAction\",\"target\":[\"https:\\\/\\\/kip.se\\\/varumarke\\\/\"]}]},{\"@type\":\"BreadcrumbList\",\"@id\":\"https:\\\/\\\/kip.se\\\/varumarke\\\/#breadcrumb\",\"itemListElement\":[{\"@type\":\"ListItem\",\"position\":1,\"name\":\"Hem\",\"item\":\"https:\\\/\\\/kip.se\\\/\"},{\"@type\":\"ListItem\",\"position\":2,\"name\":\"Varum\u00e4rke\"}]},{\"@type\":\"WebSite\",\"@id\":\"https:\\\/\\\/kip.se\\\/#website\",\"url\":\"https:\\\/\\\/kip.se\\\/\",\"name\":\"Kipse kommunikation\",\"description\":\"Knowledge Is Power Slowly Embraced\",\"publisher\":{\"@id\":\"https:\\\/\\\/kip.se\\\/#organization\"},\"potentialAction\":[{\"@type\":\"SearchAction\",\"target\":{\"@type\":\"EntryPoint\",\"urlTemplate\":\"https:\\\/\\\/kip.se\\\/?s={search_term_string}\"},\"query-input\":{\"@type\":\"PropertyValueSpecification\",\"valueRequired\":true,\"valueName\":\"search_term_string\"}}],\"inLanguage\":\"en-US\"},{\"@type\":\"Organization\",\"@id\":\"https:\\\/\\\/kip.se\\\/#organization\",\"name\":\"Kipse kommunikation\",\"url\":\"https:\\\/\\\/kip.se\\\/\",\"logo\":{\"@type\":\"ImageObject\",\"inLanguage\":\"en-US\",\"@id\":\"https:\\\/\\\/kip.se\\\/#\\\/schema\\\/logo\\\/image\\\/\",\"url\":\"https:\\\/\\\/kip.se\\\/wp-content\\\/uploads\\\/Kipse-logotyp-1.png\",\"contentUrl\":\"https:\\\/\\\/kip.se\\\/wp-content\\\/uploads\\\/Kipse-logotyp-1.png\",\"width\":255,\"height\":138,\"caption\":\"Kipse kommunikation\"},\"image\":{\"@id\":\"https:\\\/\\\/kip.se\\\/#\\\/schema\\\/logo\\\/image\\\/\"},\"sameAs\":[\"https:\\\/\\\/www.linkedin.com\\\/in\\\/klas-nivlin\"]}]}<\/script>\n<!-- \/ Yoast SEO plugin. -->","yoast_head_json":{"title":"Varum\u00e4rke \u2013 det \u00e4r v\u00e4l bara en logotyp, eller?","description":"M\u00e5nga ser en logotyp framf\u00f6r sig n\u00e4r man pratar om varum\u00e4rke. Men ett varum\u00e4rke rymmer s\u00e5 mycket mer \u00e4n bara en logotyp.","robots":{"index":"index","follow":"follow","max-snippet":"max-snippet:-1","max-image-preview":"max-image-preview:large","max-video-preview":"max-video-preview:-1"},"canonical":"https:\/\/kip.se\/en\/varumarke\/","og_locale":"en_US","og_type":"article","og_title":"Varum\u00e4rke \u2013 det \u00e4r v\u00e4l bara en logotyp, eller?","og_description":"M\u00e5nga ser en logotyp framf\u00f6r sig n\u00e4r man pratar om varum\u00e4rke. Men ett varum\u00e4rke rymmer s\u00e5 mycket mer \u00e4n bara en logotyp.","og_url":"https:\/\/kip.se\/en\/varumarke\/","og_site_name":"Kipse kommunikation","article_modified_time":"2023-01-11T14:38:29+00:00","twitter_card":"summary_large_image","twitter_misc":{"Est. reading time":"2 minutes"},"schema":{"@context":"https:\/\/schema.org","@graph":[{"@type":"WebPage","@id":"https:\/\/kip.se\/varumarke\/","url":"https:\/\/kip.se\/varumarke\/","name":"Varum\u00e4rke \u2013 det \u00e4r v\u00e4l bara en logotyp, eller?","isPartOf":{"@id":"https:\/\/kip.se\/#website"},"datePublished":"2023-01-11T11:08:40+00:00","dateModified":"2023-01-11T14:38:29+00:00","description":"M\u00e5nga ser en logotyp framf\u00f6r sig n\u00e4r man pratar om varum\u00e4rke. Men ett varum\u00e4rke rymmer s\u00e5 mycket mer \u00e4n bara en logotyp.","breadcrumb":{"@id":"https:\/\/kip.se\/varumarke\/#breadcrumb"},"inLanguage":"en-US","potentialAction":[{"@type":"ReadAction","target":["https:\/\/kip.se\/varumarke\/"]}]},{"@type":"BreadcrumbList","@id":"https:\/\/kip.se\/varumarke\/#breadcrumb","itemListElement":[{"@type":"ListItem","position":1,"name":"Hem","item":"https:\/\/kip.se\/"},{"@type":"ListItem","position":2,"name":"Varum\u00e4rke"}]},{"@type":"WebSite","@id":"https:\/\/kip.se\/#website","url":"https:\/\/kip.se\/","name":"Kipse kommunikation","description":"Knowledge Is Power Slowly Embraced","publisher":{"@id":"https:\/\/kip.se\/#organization"},"potentialAction":[{"@type":"SearchAction","target":{"@type":"EntryPoint","urlTemplate":"https:\/\/kip.se\/?s={search_term_string}"},"query-input":{"@type":"PropertyValueSpecification","valueRequired":true,"valueName":"search_term_string"}}],"inLanguage":"en-US"},{"@type":"Organization","@id":"https:\/\/kip.se\/#organization","name":"Kipse kommunikation","url":"https:\/\/kip.se\/","logo":{"@type":"ImageObject","inLanguage":"en-US","@id":"https:\/\/kip.se\/#\/schema\/logo\/image\/","url":"https:\/\/kip.se\/wp-content\/uploads\/Kipse-logotyp-1.png","contentUrl":"https:\/\/kip.se\/wp-content\/uploads\/Kipse-logotyp-1.png","width":255,"height":138,"caption":"Kipse kommunikation"},"image":{"@id":"https:\/\/kip.se\/#\/schema\/logo\/image\/"},"sameAs":["https:\/\/www.linkedin.com\/in\/klas-nivlin"]}]}},"coauthors":[],"author_meta":{"author_link":"https:\/\/kip.se\/en\/author\/klaskip-se\/","display_name":"klas@kip.se"},"relative_dates":{"created":"Posted 3 years ago","modified":"Updated 3 years ago"},"absolute_dates":{"created":"Posted on 2023-01-11","modified":"Updated on 2023-01-11"},"absolute_dates_time":{"created":"Posted on 2023-01-11 12:08","modified":"Updated on 2023-01-11 15:38"},"featured_img_caption":"","featured_img":false,"series_order":"","_links":{"self":[{"href":"https:\/\/kip.se\/en\/wp-json\/wp\/v2\/pages\/929","targetHints":{"allow":["GET"]}}],"collection":[{"href":"https:\/\/kip.se\/en\/wp-json\/wp\/v2\/pages"}],"about":[{"href":"https:\/\/kip.se\/en\/wp-json\/wp\/v2\/types\/page"}],"author":[{"embeddable":true,"href":"https:\/\/kip.se\/en\/wp-json\/wp\/v2\/users\/1"}],"replies":[{"embeddable":true,"href":"https:\/\/kip.se\/en\/wp-json\/wp\/v2\/comments?post=929"}],"version-history":[{"count":8,"href":"https:\/\/kip.se\/en\/wp-json\/wp\/v2\/pages\/929\/revisions"}],"predecessor-version":[{"id":955,"href":"https:\/\/kip.se\/en\/wp-json\/wp\/v2\/pages\/929\/revisions\/955"}],"wp:attachment":[{"href":"https:\/\/kip.se\/en\/wp-json\/wp\/v2\/media?parent=929"}],"curies":[{"name":"wp","href":"https:\/\/api.w.org\/{rel}","templated":true}]}}