{"id":920,"date":"2023-01-11T10:30:22","date_gmt":"2023-01-11T09:30:22","guid":{"rendered":"https:\/\/kip.se\/?page_id=920"},"modified":"2023-01-11T13:37:43","modified_gmt":"2023-01-11T12:37:43","slug":"strategi","status":"publish","type":"page","link":"https:\/\/kip.se\/en\/strategi\/","title":{"rendered":"Strategy"},"content":{"rendered":"<h1 class=\"swash-kn wp-block-heading\">Strategy<\/h1>\n\n\n\n<h2 class=\"wp-block-heading\">The art of choosing. And to opt out.<\/h2>\n\n\n\n<div class=\"wp-block-citadela-blocks-custom-container citadela-block-custom-container size-wide bg-type-none inside-space-none two-wide-kn\"><div class=\"inner-holder\">\n<div class=\"big-picture\">\n<img decoding=\"async\" src=\"\/wp-content\/uploads\/Strategi-1.jpg\" alt=\"Strategi \u2013 konsten att v\u00e4lja. Och att v\u00e4lja bort.\">\n<\/div>\n\n\n\n<div class=\"two-text\">\n<p>That strategy is about choosing is certainly not news, but that one simultaneously chooses out alternatives, and that one dares to opt out, is not always so obvious. Many strategies have failed because tactical and financial choices are made that do not match the strategy.<\/p>\n<p>How do you make a good choice? There are a number of criteria, apart from the purely business ones, that are important to succeed with your strategy.<\/p>\n<p><i>You must like your choice.<\/i> If the leadership or those who will live after the choice do not like the election or even accept it, they will not carry out the consequences of the choice. Nor will they be able to get others to work to or understand the strategy.<\/p>\n<p><i>You must believe in your choice.<\/i> If you do not believe in the strategy, it will be reflected in how the activities are carried out. It is directly reflected in how successful the strategy is.<\/p>\n<p><i>The strategy must have an attractiveness.<\/i> If you yourselves are not attracted, why should anyone else be? The power of a good strategy lies in when many people do something together and strive towards the same goal.<\/p>\n<\/div>\n<\/div><\/div>\n\n\n\n<div class=\"kontakt-knapp\">\n<a href=\"#wow-modal-id-1\">Do you want to know how to create <br class=\"nosmall-kn\">and work with a sustainable strategy?<\/a><div class=\"modal-window\" id=\"modal-window-1\" role=\"dialog\" aria-modal=\"true\"  aria-live=\"off\"><div class=\"modal-window__wrapper\"><div class=\"modal-window__content\"><div class=\"modal-window__content-wrapper\"><div class=\"modal-window__content-main\"><h3>Interesting, I want to know more...<\/h3>\r\n<div class=\"modform-kn\">\n<div class=\"wpcf7 no-js\" id=\"wpcf7-f846-o1\" lang=\"sv-SE\" dir=\"ltr\" data-wpcf7-id=\"846\">\n<div class=\"screen-reader-response\"><p role=\"status\" aria-live=\"polite\" aria-atomic=\"true\"><\/p> <ul><\/ul><\/div>\n<form action=\"\/en\/wp-json\/wp\/v2\/pages\/920#wpcf7-f846-o1\" method=\"post\" class=\"wpcf7-form init\" aria-label=\"Kontaktformul\u00e4r\" novalidate=\"novalidate\" data-status=\"init\" data-trp-original-action=\"\/en\/wp-json\/wp\/v2\/pages\/920#wpcf7-f846-o1\">\n<fieldset class=\"hidden-fields-container\"><input type=\"hidden\" name=\"_wpcf7\" value=\"846\" \/><input type=\"hidden\" name=\"_wpcf7_version\" value=\"6.1.5\" \/><input type=\"hidden\" name=\"_wpcf7_locale\" value=\"sv_SE\" \/><input type=\"hidden\" name=\"_wpcf7_unit_tag\" value=\"wpcf7-f846-o1\" \/><input type=\"hidden\" name=\"_wpcf7_container_post\" value=\"0\" \/><input type=\"hidden\" name=\"_wpcf7_posted_data_hash\" value=\"\" \/>\n<\/fieldset>\n<p><label>Name <span class=\"req-kn\">*<\/span><br \/>\n<span class=\"wpcf7-form-control-wrap\" data-name=\"your-name\"><input size=\"40\" maxlength=\"400\" class=\"wpcf7-form-control wpcf7-text wpcf7-validates-as-required\" aria-required=\"true\" aria-invalid=\"false\" value=\"\" type=\"text\" name=\"your-name\" \/><\/span> <\/label>\n<\/p>\n<p><label>E-mail <span class=\"req-kn\">*<\/span><br \/>\n<span class=\"wpcf7-form-control-wrap\" data-name=\"your-email\"><input size=\"40\" maxlength=\"400\" class=\"wpcf7-form-control wpcf7-email wpcf7-validates-as-required wpcf7-text wpcf7-validates-as-email\" aria-required=\"true\" aria-invalid=\"false\" value=\"\" type=\"email\" name=\"your-email\" \/><\/span> <\/label>\n<\/p>\n<p><label>Subject<br \/>\n<span class=\"wpcf7-form-control-wrap\" data-name=\"your-subject\"><input size=\"40\" maxlength=\"400\" class=\"wpcf7-form-control wpcf7-text\" aria-invalid=\"false\" value=\"\" type=\"text\" name=\"your-subject\" \/><\/span> <\/label>\n<\/p>\n<p><label>Message<br \/>\n<span class=\"wpcf7-form-control-wrap\" data-name=\"your-message\"><textarea cols=\"40\" rows=\"10\" maxlength=\"2000\" class=\"wpcf7-form-control wpcf7-textarea\" aria-invalid=\"false\" name=\"your-message\"><\/textarea><\/span> <\/label>\n<\/p>\n<p><input class=\"wpcf7-form-control wpcf7-submit has-spinner\" type=\"submit\" value=\"Please contact me\" \/>\n<\/p><div class=\"wpcf7-response-output\" aria-hidden=\"true\"><\/div>\n<input type=\"hidden\" name=\"trp-form-language\" value=\"en\"\/><\/form>\n<\/div>\n<\/div><\/div><\/div><div class=\"modal-window__close -image\" tabindex=\"0\" role=\"button\" aria-label=\"Close\"><\/div><\/div><\/div><\/div>\n<\/div>","protected":false},"excerpt":{"rendered":"<p>Strategi Konsten att v\u00e4lja. Och att v\u00e4lja bort. Vill du veta mer om hur man skapar och arbetar med en h\u00e5llbar strategi?<\/p>","protected":false},"author":1,"featured_media":0,"parent":0,"menu_order":0,"comment_status":"closed","ping_status":"closed","template":"","meta":{"inline_featured_image":false,"advgb_blocks_editor_width":"","advgb_blocks_columns_visual_guide":"","iawp_total_views":26,"_citadela_hide_page_title":"1","_citadela_remove_header_space":"1","_citadela_custom_class":"","_citadela_half_map_provider":"","_citadela_half_map_theme":"","_citadela_half_map_themeOSM":"","_citadela_half_map_customTheme":"","_citadela_half_map_dataType":"","_citadela_half_map_dynamicTrack":false,"_citadela_half_map_trackColor":"","_citadela_half_map_trackEndpointsColor":"","_citadela_half_map_filterCategory":"","_citadela_half_map_filterLocation":"","_citadela_half_map_filterFeatured":false,"_citadela_half_map_noDataBehavior":"empty-map","_citadela_half_map_noDataText":"","_citadela_half_map_clusterGridSize":80,"_citadela_header":true,"_citadela_header_over_content":false,"_citadela_header_text_color":"","_citadela_header_logo":[],"_citadela_header_bg_image":[],"_citadela_header_bg_position":{"x":0.5,"y":0.5},"_citadela_header_bg_size":"cover","_citadela_header_bg_repeat":"no-repeat","_citadela_header_bg_fixed":false,"_citadela_header_bg_color":"","_citadela_header_bg_image_overlay":"","_citadela_header_transparent_bg":true,"_citadela_content_width":"wide","_citadela_half_layout_position":"","footnotes":""},"class_list":["post-920","page","type-page","status-publish","hentry"],"yoast_head":"<!-- This site is optimized with the Yoast SEO plugin v27.4 - https:\/\/yoast.com\/product\/yoast-seo-wordpress\/ -->\n<title>Strategi \u2013 konsten att v\u00e4lja. Och att v\u00e4lja bort.<\/title>\n<meta name=\"description\" content=\"Att strategi handlar om att v\u00e4lja \u00e4r v\u00e4l ingen nyhet, men att man samtidigt v\u00e4ljer bort, och att man v\u00e5gar v\u00e4lja bort, \u00e4r inte sj\u00e4lvklart.\" \/>\n<meta name=\"robots\" content=\"index, follow, max-snippet:-1, max-image-preview:large, max-video-preview:-1\" \/>\n<link rel=\"canonical\" href=\"https:\/\/kip.se\/en\/strategi\/\" \/>\n<meta property=\"og:locale\" content=\"en_US\" \/>\n<meta property=\"og:type\" content=\"article\" \/>\n<meta property=\"og:title\" content=\"Strategi \u2013 konsten att v\u00e4lja. Och att v\u00e4lja bort.\" \/>\n<meta property=\"og:description\" content=\"Att strategi handlar om att v\u00e4lja \u00e4r v\u00e4l ingen nyhet, men att man samtidigt v\u00e4ljer bort, och att man v\u00e5gar v\u00e4lja bort, \u00e4r inte sj\u00e4lvklart.\" \/>\n<meta property=\"og:url\" content=\"https:\/\/kip.se\/en\/strategi\/\" \/>\n<meta property=\"og:site_name\" content=\"Kipse kommunikation\" \/>\n<meta property=\"article:modified_time\" content=\"2023-01-11T12:37:43+00:00\" \/>\n<meta name=\"twitter:card\" content=\"summary_large_image\" \/>\n<meta name=\"twitter:label1\" content=\"Est. reading time\" \/>\n\t<meta name=\"twitter:data1\" content=\"2 minutes\" \/>\n<script type=\"application\/ld+json\" class=\"yoast-schema-graph\">{\"@context\":\"https:\\\/\\\/schema.org\",\"@graph\":[{\"@type\":\"WebPage\",\"@id\":\"https:\\\/\\\/kip.se\\\/strategi\\\/\",\"url\":\"https:\\\/\\\/kip.se\\\/strategi\\\/\",\"name\":\"Strategi \u2013 konsten att v\u00e4lja. Och att v\u00e4lja bort.\",\"isPartOf\":{\"@id\":\"https:\\\/\\\/kip.se\\\/#website\"},\"datePublished\":\"2023-01-11T09:30:22+00:00\",\"dateModified\":\"2023-01-11T12:37:43+00:00\",\"description\":\"Att strategi handlar om att v\u00e4lja \u00e4r v\u00e4l ingen nyhet, men att man samtidigt v\u00e4ljer bort, och att man v\u00e5gar v\u00e4lja bort, \u00e4r inte sj\u00e4lvklart.\",\"breadcrumb\":{\"@id\":\"https:\\\/\\\/kip.se\\\/strategi\\\/#breadcrumb\"},\"inLanguage\":\"en-US\",\"potentialAction\":[{\"@type\":\"ReadAction\",\"target\":[\"https:\\\/\\\/kip.se\\\/strategi\\\/\"]}]},{\"@type\":\"BreadcrumbList\",\"@id\":\"https:\\\/\\\/kip.se\\\/strategi\\\/#breadcrumb\",\"itemListElement\":[{\"@type\":\"ListItem\",\"position\":1,\"name\":\"Hem\",\"item\":\"https:\\\/\\\/kip.se\\\/\"},{\"@type\":\"ListItem\",\"position\":2,\"name\":\"Strategi\"}]},{\"@type\":\"WebSite\",\"@id\":\"https:\\\/\\\/kip.se\\\/#website\",\"url\":\"https:\\\/\\\/kip.se\\\/\",\"name\":\"Kipse kommunikation\",\"description\":\"Knowledge Is Power Slowly Embraced\",\"publisher\":{\"@id\":\"https:\\\/\\\/kip.se\\\/#organization\"},\"potentialAction\":[{\"@type\":\"SearchAction\",\"target\":{\"@type\":\"EntryPoint\",\"urlTemplate\":\"https:\\\/\\\/kip.se\\\/?s={search_term_string}\"},\"query-input\":{\"@type\":\"PropertyValueSpecification\",\"valueRequired\":true,\"valueName\":\"search_term_string\"}}],\"inLanguage\":\"en-US\"},{\"@type\":\"Organization\",\"@id\":\"https:\\\/\\\/kip.se\\\/#organization\",\"name\":\"Kipse kommunikation\",\"url\":\"https:\\\/\\\/kip.se\\\/\",\"logo\":{\"@type\":\"ImageObject\",\"inLanguage\":\"en-US\",\"@id\":\"https:\\\/\\\/kip.se\\\/#\\\/schema\\\/logo\\\/image\\\/\",\"url\":\"https:\\\/\\\/kip.se\\\/wp-content\\\/uploads\\\/Kipse-logotyp-1.png\",\"contentUrl\":\"https:\\\/\\\/kip.se\\\/wp-content\\\/uploads\\\/Kipse-logotyp-1.png\",\"width\":255,\"height\":138,\"caption\":\"Kipse kommunikation\"},\"image\":{\"@id\":\"https:\\\/\\\/kip.se\\\/#\\\/schema\\\/logo\\\/image\\\/\"},\"sameAs\":[\"https:\\\/\\\/www.linkedin.com\\\/in\\\/klas-nivlin\"]}]}<\/script>\n<!-- \/ Yoast SEO plugin. -->","yoast_head_json":{"title":"Strategi \u2013 konsten att v\u00e4lja. Och att v\u00e4lja bort.","description":"Att strategi handlar om att v\u00e4lja \u00e4r v\u00e4l ingen nyhet, men att man samtidigt v\u00e4ljer bort, och att man v\u00e5gar v\u00e4lja bort, \u00e4r inte sj\u00e4lvklart.","robots":{"index":"index","follow":"follow","max-snippet":"max-snippet:-1","max-image-preview":"max-image-preview:large","max-video-preview":"max-video-preview:-1"},"canonical":"https:\/\/kip.se\/en\/strategi\/","og_locale":"en_US","og_type":"article","og_title":"Strategi \u2013 konsten att v\u00e4lja. Och att v\u00e4lja bort.","og_description":"Att strategi handlar om att v\u00e4lja \u00e4r v\u00e4l ingen nyhet, men att man samtidigt v\u00e4ljer bort, och att man v\u00e5gar v\u00e4lja bort, \u00e4r inte sj\u00e4lvklart.","og_url":"https:\/\/kip.se\/en\/strategi\/","og_site_name":"Kipse kommunikation","article_modified_time":"2023-01-11T12:37:43+00:00","twitter_card":"summary_large_image","twitter_misc":{"Est. reading time":"2 minutes"},"schema":{"@context":"https:\/\/schema.org","@graph":[{"@type":"WebPage","@id":"https:\/\/kip.se\/strategi\/","url":"https:\/\/kip.se\/strategi\/","name":"Strategi \u2013 konsten att v\u00e4lja. Och att v\u00e4lja bort.","isPartOf":{"@id":"https:\/\/kip.se\/#website"},"datePublished":"2023-01-11T09:30:22+00:00","dateModified":"2023-01-11T12:37:43+00:00","description":"Att strategi handlar om att v\u00e4lja \u00e4r v\u00e4l ingen nyhet, men att man samtidigt v\u00e4ljer bort, och att man v\u00e5gar v\u00e4lja bort, \u00e4r inte sj\u00e4lvklart.","breadcrumb":{"@id":"https:\/\/kip.se\/strategi\/#breadcrumb"},"inLanguage":"en-US","potentialAction":[{"@type":"ReadAction","target":["https:\/\/kip.se\/strategi\/"]}]},{"@type":"BreadcrumbList","@id":"https:\/\/kip.se\/strategi\/#breadcrumb","itemListElement":[{"@type":"ListItem","position":1,"name":"Hem","item":"https:\/\/kip.se\/"},{"@type":"ListItem","position":2,"name":"Strategi"}]},{"@type":"WebSite","@id":"https:\/\/kip.se\/#website","url":"https:\/\/kip.se\/","name":"Kipse kommunikation","description":"Knowledge Is Power Slowly Embraced","publisher":{"@id":"https:\/\/kip.se\/#organization"},"potentialAction":[{"@type":"SearchAction","target":{"@type":"EntryPoint","urlTemplate":"https:\/\/kip.se\/?s={search_term_string}"},"query-input":{"@type":"PropertyValueSpecification","valueRequired":true,"valueName":"search_term_string"}}],"inLanguage":"en-US"},{"@type":"Organization","@id":"https:\/\/kip.se\/#organization","name":"Kipse kommunikation","url":"https:\/\/kip.se\/","logo":{"@type":"ImageObject","inLanguage":"en-US","@id":"https:\/\/kip.se\/#\/schema\/logo\/image\/","url":"https:\/\/kip.se\/wp-content\/uploads\/Kipse-logotyp-1.png","contentUrl":"https:\/\/kip.se\/wp-content\/uploads\/Kipse-logotyp-1.png","width":255,"height":138,"caption":"Kipse kommunikation"},"image":{"@id":"https:\/\/kip.se\/#\/schema\/logo\/image\/"},"sameAs":["https:\/\/www.linkedin.com\/in\/klas-nivlin"]}]}},"coauthors":[],"author_meta":{"author_link":"https:\/\/kip.se\/en\/author\/klaskip-se\/","display_name":"klas@kip.se"},"relative_dates":{"created":"Posted 3 years ago","modified":"Updated 3 years ago"},"absolute_dates":{"created":"Posted on 2023-01-11","modified":"Updated on 2023-01-11"},"absolute_dates_time":{"created":"Posted on 2023-01-11 10:30","modified":"Updated on 2023-01-11 13:37"},"featured_img_caption":"","featured_img":false,"series_order":"","_links":{"self":[{"href":"https:\/\/kip.se\/en\/wp-json\/wp\/v2\/pages\/920","targetHints":{"allow":["GET"]}}],"collection":[{"href":"https:\/\/kip.se\/en\/wp-json\/wp\/v2\/pages"}],"about":[{"href":"https:\/\/kip.se\/en\/wp-json\/wp\/v2\/types\/page"}],"author":[{"embeddable":true,"href":"https:\/\/kip.se\/en\/wp-json\/wp\/v2\/users\/1"}],"replies":[{"embeddable":true,"href":"https:\/\/kip.se\/en\/wp-json\/wp\/v2\/comments?post=920"}],"version-history":[{"count":4,"href":"https:\/\/kip.se\/en\/wp-json\/wp\/v2\/pages\/920\/revisions"}],"predecessor-version":[{"id":943,"href":"https:\/\/kip.se\/en\/wp-json\/wp\/v2\/pages\/920\/revisions\/943"}],"wp:attachment":[{"href":"https:\/\/kip.se\/en\/wp-json\/wp\/v2\/media?parent=920"}],"curies":[{"name":"wp","href":"https:\/\/api.w.org\/{rel}","templated":true}]}}