{"id":2,"date":"2019-12-07T11:07:37","date_gmt":"2019-12-07T11:07:37","guid":{"rendered":"https:\/\/kip.se\/homepage\/"},"modified":"2023-01-13T08:52:17","modified_gmt":"2023-01-13T07:52:17","slug":"homepage","status":"publish","type":"page","link":"https:\/\/kip.se\/en\/","title":{"rendered":"Homepage"},"content":{"rendered":"<div class=\"wp-block-citadela-blocks-custom-container citadela-block-custom-container size-wide bg-type-image inside-space-none bg-size-auto has-overlay has-min-height vertical-align-top startpage\" style=\"min-height:1200px\"><div class=\"bg-image-wrapper\" style=\"background-image:url(https:\/\/kip.se\/wp-content\/uploads\/Startsida2.jpg);background-repeat:no-repeat;background-position:50% 0%\"><\/div><div class=\"bg-image-overlay\" style=\"opacity:0.5\"><\/div><div class=\"inner-holder\">\n<h1 class=\"swash-kn start-kn has-white-color has-text-color wp-block-heading\">Communicate<\/h1>\n\n\n\n<h2 class=\"has-white-color has-text-color wp-block-heading\">Smart communication creates and drives business<\/h2>\n\n\n\n<p class=\"starttext-kn top2-kn has-white-color has-text-color\"><em>Conversation.<\/em> It has been around since time immemorial. <br>It has given warmth, friendship, experiences and knowledge. <br>It is the putty that connects us.<\/p>\n\n\n\n<p class=\"starttext-kn has-white-color has-text-color\">How do you communicate with your customers and employees?<\/p>\n\n\n\n<div class=\"start-boxes\">\n<div class=\"startbox\">\n<a href=\"\/storytelling\/\"><img decoding=\"async\" src=\"\/wp-content\/uploads\/Storytelling-start.jpg\" alt=\"Storytelling \u2013 att skapa en ber\u00e4ttelse f\u00f6r att bli intressant\"><\/a>\n<h3><a href=\"\/storytelling\/\">Storytelling<\/a><\/h3>\n<p><a href=\"\/storytelling\/\">Creating  a story to be interesting<\/a><\/p>\n<\/div>\n<div class=\"startbox\">\n<a href=\"\/seo\/\"><img decoding=\"async\" src=\"\/wp-content\/uploads\/SEO-start.jpg\" alt=\"SEO \u2013 att skriva f\u00f6r m\u00e4nniska och maskin\"><\/a>\n<h3><a href=\"\/seo\/\">SEO<\/a><\/h3>\n<p><a href=\"\/seo\/\">Writing for man and machine.<\/a><\/p>\n<\/div>\n<div class=\"startbox\">\n<a href=\"\/strategi\/\"><img decoding=\"async\" src=\"\/wp-content\/uploads\/Strategi-start.jpg\" alt=\"Strategi \u2013 konsten att v\u00e4lja. Och att v\u00e4lja bort\"><\/a>\n<h3><a href=\"\/strategi\/\">Strategy<\/a><\/h3>\n<p><a href=\"\/strategi\/\">To choose. And to opt out.<\/a><\/p>\n<\/div>\n<div class=\"startbox\">\n<a href=\"\/varumarke\/\"><img decoding=\"async\" src=\"\/wp-content\/uploads\/Varumarke-start.jpg\" alt=\"Varum\u00e4rke \u00e4r mycket mer \u00e4n en logotyp.\"><\/a>\n<h3><a href=\"\/varumarke\/\">Branding<\/a><\/h3>\n<p><a href=\"\/varumarke\/\">More than just a logo.<\/a><\/p>\n<\/div>\n<\/div>\n<\/div><\/div>","protected":false},"excerpt":{"rendered":"","protected":false},"author":1,"featured_media":0,"parent":0,"menu_order":0,"comment_status":"closed","ping_status":"closed","template":"","meta":{"inline_featured_image":false,"advgb_blocks_editor_width":"","advgb_blocks_columns_visual_guide":"","iawp_total_views":427,"_citadela_hide_page_title":"1","_citadela_remove_header_space":"0","_citadela_custom_class":"startpage","_citadela_half_map_provider":"","_citadela_half_map_theme":"","_citadela_half_map_themeOSM":"","_citadela_half_map_customTheme":"","_citadela_half_map_dataType":"","_citadela_half_map_dynamicTrack":false,"_citadela_half_map_trackColor":"","_citadela_half_map_trackEndpointsColor":"","_citadela_half_map_filterCategory":"","_citadela_half_map_filterLocation":"","_citadela_half_map_filterFeatured":false,"_citadela_half_map_noDataBehavior":"empty-map","_citadela_half_map_noDataText":"","_citadela_half_map_clusterGridSize":80,"_citadela_header":true,"_citadela_header_over_content":true,"_citadela_header_text_color":"","_citadela_header_logo":[],"_citadela_header_bg_image":[],"_citadela_header_bg_position":{"x":0.5,"y":0.5},"_citadela_header_bg_size":"cover","_citadela_header_bg_repeat":"no-repeat","_citadela_header_bg_fixed":false,"_citadela_header_bg_color":"","_citadela_header_bg_image_overlay":"","_citadela_header_transparent_bg":true,"_citadela_content_width":"wide","_citadela_half_layout_position":"","footnotes":""},"class_list":["post-2","page","type-page","status-publish","hentry"],"yoast_head":"<!-- This site is optimized with the Yoast SEO plugin v27.4 - https:\/\/yoast.com\/product\/yoast-seo-wordpress\/ -->\n<title>Kipse \u2013 smart kommunikation som skapar och driver aff\u00e4rer<\/title>\n<meta name=\"robots\" content=\"index, follow, max-snippet:-1, max-image-preview:large, max-video-preview:-1\" \/>\n<link rel=\"canonical\" href=\"https:\/\/kip.se\/en\/\" \/>\n<meta property=\"og:locale\" content=\"en_US\" \/>\n<meta property=\"og:type\" content=\"article\" \/>\n<meta property=\"og:title\" content=\"Kipse \u2013 smart kommunikation som skapar och driver aff\u00e4rer\" \/>\n<meta property=\"og:url\" content=\"https:\/\/kip.se\/en\/\" \/>\n<meta property=\"og:site_name\" content=\"Kipse kommunikation\" \/>\n<meta property=\"article:modified_time\" content=\"2023-01-13T07:52:17+00:00\" \/>\n<meta name=\"twitter:card\" content=\"summary_large_image\" \/>\n<meta name=\"twitter:label1\" content=\"Est. reading time\" \/>\n\t<meta name=\"twitter:data1\" content=\"2 minutes\" \/>\n<script type=\"application\/ld+json\" class=\"yoast-schema-graph\">{\"@context\":\"https:\\\/\\\/schema.org\",\"@graph\":[{\"@type\":\"WebPage\",\"@id\":\"https:\\\/\\\/kip.se\\\/\",\"url\":\"https:\\\/\\\/kip.se\\\/\",\"name\":\"Kipse \u2013 smart kommunikation som skapar och driver aff\u00e4rer\",\"isPartOf\":{\"@id\":\"https:\\\/\\\/kip.se\\\/#website\"},\"datePublished\":\"2019-12-07T11:07:37+00:00\",\"dateModified\":\"2023-01-13T07:52:17+00:00\",\"breadcrumb\":{\"@id\":\"https:\\\/\\\/kip.se\\\/#breadcrumb\"},\"inLanguage\":\"en-US\",\"potentialAction\":[{\"@type\":\"ReadAction\",\"target\":[\"https:\\\/\\\/kip.se\\\/\"]}]},{\"@type\":\"BreadcrumbList\",\"@id\":\"https:\\\/\\\/kip.se\\\/#breadcrumb\",\"itemListElement\":[{\"@type\":\"ListItem\",\"position\":1,\"name\":\"Hem\",\"item\":\"https:\\\/\\\/kip.se\\\/\"},{\"@type\":\"ListItem\",\"position\":2,\"name\":\"Homepage\"}]},{\"@type\":\"WebSite\",\"@id\":\"https:\\\/\\\/kip.se\\\/#website\",\"url\":\"https:\\\/\\\/kip.se\\\/\",\"name\":\"Kipse kommunikation\",\"description\":\"Knowledge Is Power Slowly Embraced\",\"publisher\":{\"@id\":\"https:\\\/\\\/kip.se\\\/#organization\"},\"potentialAction\":[{\"@type\":\"SearchAction\",\"target\":{\"@type\":\"EntryPoint\",\"urlTemplate\":\"https:\\\/\\\/kip.se\\\/?s={search_term_string}\"},\"query-input\":{\"@type\":\"PropertyValueSpecification\",\"valueRequired\":true,\"valueName\":\"search_term_string\"}}],\"inLanguage\":\"en-US\"},{\"@type\":\"Organization\",\"@id\":\"https:\\\/\\\/kip.se\\\/#organization\",\"name\":\"Kipse kommunikation\",\"url\":\"https:\\\/\\\/kip.se\\\/\",\"logo\":{\"@type\":\"ImageObject\",\"inLanguage\":\"en-US\",\"@id\":\"https:\\\/\\\/kip.se\\\/#\\\/schema\\\/logo\\\/image\\\/\",\"url\":\"https:\\\/\\\/kip.se\\\/wp-content\\\/uploads\\\/Kipse-logotyp-1.png\",\"contentUrl\":\"https:\\\/\\\/kip.se\\\/wp-content\\\/uploads\\\/Kipse-logotyp-1.png\",\"width\":255,\"height\":138,\"caption\":\"Kipse kommunikation\"},\"image\":{\"@id\":\"https:\\\/\\\/kip.se\\\/#\\\/schema\\\/logo\\\/image\\\/\"},\"sameAs\":[\"https:\\\/\\\/www.linkedin.com\\\/in\\\/klas-nivlin\"]}]}<\/script>\n<!-- \/ Yoast SEO plugin. -->","yoast_head_json":{"title":"Kipse \u2013 smart kommunikation som skapar och driver aff\u00e4rer","robots":{"index":"index","follow":"follow","max-snippet":"max-snippet:-1","max-image-preview":"max-image-preview:large","max-video-preview":"max-video-preview:-1"},"canonical":"https:\/\/kip.se\/en\/","og_locale":"en_US","og_type":"article","og_title":"Kipse \u2013 smart kommunikation som skapar och driver aff\u00e4rer","og_url":"https:\/\/kip.se\/en\/","og_site_name":"Kipse kommunikation","article_modified_time":"2023-01-13T07:52:17+00:00","twitter_card":"summary_large_image","twitter_misc":{"Est. reading time":"2 minutes"},"schema":{"@context":"https:\/\/schema.org","@graph":[{"@type":"WebPage","@id":"https:\/\/kip.se\/","url":"https:\/\/kip.se\/","name":"Kipse \u2013 smart kommunikation som skapar och driver aff\u00e4rer","isPartOf":{"@id":"https:\/\/kip.se\/#website"},"datePublished":"2019-12-07T11:07:37+00:00","dateModified":"2023-01-13T07:52:17+00:00","breadcrumb":{"@id":"https:\/\/kip.se\/#breadcrumb"},"inLanguage":"en-US","potentialAction":[{"@type":"ReadAction","target":["https:\/\/kip.se\/"]}]},{"@type":"BreadcrumbList","@id":"https:\/\/kip.se\/#breadcrumb","itemListElement":[{"@type":"ListItem","position":1,"name":"Hem","item":"https:\/\/kip.se\/"},{"@type":"ListItem","position":2,"name":"Homepage"}]},{"@type":"WebSite","@id":"https:\/\/kip.se\/#website","url":"https:\/\/kip.se\/","name":"Kipse kommunikation","description":"Knowledge Is Power Slowly Embraced","publisher":{"@id":"https:\/\/kip.se\/#organization"},"potentialAction":[{"@type":"SearchAction","target":{"@type":"EntryPoint","urlTemplate":"https:\/\/kip.se\/?s={search_term_string}"},"query-input":{"@type":"PropertyValueSpecification","valueRequired":true,"valueName":"search_term_string"}}],"inLanguage":"en-US"},{"@type":"Organization","@id":"https:\/\/kip.se\/#organization","name":"Kipse kommunikation","url":"https:\/\/kip.se\/","logo":{"@type":"ImageObject","inLanguage":"en-US","@id":"https:\/\/kip.se\/#\/schema\/logo\/image\/","url":"https:\/\/kip.se\/wp-content\/uploads\/Kipse-logotyp-1.png","contentUrl":"https:\/\/kip.se\/wp-content\/uploads\/Kipse-logotyp-1.png","width":255,"height":138,"caption":"Kipse kommunikation"},"image":{"@id":"https:\/\/kip.se\/#\/schema\/logo\/image\/"},"sameAs":["https:\/\/www.linkedin.com\/in\/klas-nivlin"]}]}},"coauthors":[],"author_meta":{"author_link":"https:\/\/kip.se\/en\/author\/klaskip-se\/","display_name":"klas@kip.se"},"relative_dates":{"created":"Posted 6 years ago","modified":"Updated 3 years ago"},"absolute_dates":{"created":"Posted on 2019-12-07","modified":"Updated on 2023-01-13"},"absolute_dates_time":{"created":"Posted on 2019-12-07 11:07","modified":"Updated on 2023-01-13 08:52"},"featured_img_caption":"","featured_img":false,"series_order":"","_links":{"self":[{"href":"https:\/\/kip.se\/en\/wp-json\/wp\/v2\/pages\/2","targetHints":{"allow":["GET"]}}],"collection":[{"href":"https:\/\/kip.se\/en\/wp-json\/wp\/v2\/pages"}],"about":[{"href":"https:\/\/kip.se\/en\/wp-json\/wp\/v2\/types\/page"}],"author":[{"embeddable":true,"href":"https:\/\/kip.se\/en\/wp-json\/wp\/v2\/users\/1"}],"replies":[{"embeddable":true,"href":"https:\/\/kip.se\/en\/wp-json\/wp\/v2\/comments?post=2"}],"version-history":[{"count":42,"href":"https:\/\/kip.se\/en\/wp-json\/wp\/v2\/pages\/2\/revisions"}],"predecessor-version":[{"id":1021,"href":"https:\/\/kip.se\/en\/wp-json\/wp\/v2\/pages\/2\/revisions\/1021"}],"wp:attachment":[{"href":"https:\/\/kip.se\/en\/wp-json\/wp\/v2\/media?parent=2"}],"curies":[{"name":"wp","href":"https:\/\/api.w.org\/{rel}","templated":true}]}}